{"id":9,"date":"2015-09-28T21:54:12","date_gmt":"2015-09-28T21:54:12","guid":{"rendered":"http:\/\/localhost:8080\/wordpress\/?page_id=9"},"modified":"2025-10-28T13:05:35","modified_gmt":"2025-10-28T13:05:35","slug":"planes-y-proyectos","status":"publish","type":"page","link":"https:\/\/colegioalfonsosancho.es\/web\/?page_id=9","title":{"rendered":"PROYECTOS \ud83d\udcca"},"content":{"rendered":"<h1><\/h1>\n<h1><\/h1>\n<h2><\/h2>\n<h2><\/h2>\n<h2><span style=\"text-decoration: underline;\"><span style=\"color: #0000ff; text-decoration: underline;\">PROYECTOhttps:\/\/m.facebook.com\/story.php?story_fbid=359742159366774&amp;id=104682111539448 \u00abYA SOY MAYOR\u00bb (3 A\u00d1OS)<\/span><\/span><\/h2>\n<h2><span style=\"text-decoration: underline;\"><span style=\"color: #0000ff; text-decoration: underline;\">PROYECTO \u00abLOS DINOSAURIOS\u00bb\u00a0<\/span><\/span><\/h2>\n<h2><span style=\"text-decoration: underline;\"><span style=\"color: #0000ff; text-decoration: underline;\">PROYECTO \u00abROMA\u00bb (5 A\u00d1OS)<\/span><\/span><\/h2>\n<h1><\/h1>\n<h1><\/h1>\n<h1><\/h1>\n<p><img src=\"https:\/\/lh3.googleusercontent.com\/-3dCqvlOp93g\/V9j0072QEgI\/AAAAAAAAAG4\/TtXW8Z-lmwM2AVjQIICNs2G2nW6JnuzbwCKgB\/s1600\/teachers-day-2016-us-6296626244091904.2-hp2x.gif\" alt=\"Proyectos Europeos - Trabajo por Proyectos en la LOMCE\" \/><\/p>\n<p>Nuestro objetivo es proporcionar a nuestros peque\u00f1os\/as una educaci\u00f3n lo m\u00e1s completa e integrada posible, comenzando con la transmisi\u00f3n de valores y buenos h\u00e1bitos.<\/p>\n<p>Adem\u00e1s de los Planes y programas descritos en la secci\u00f3n de Nuestra Escuela: Ven a conocernos !!! , en nuestro colegio trabajamos\u00a0 proyectos: en algunas ocasiones un proyecto a nivel de centro, en otras ocasiones un proyecto en cada nivel,\u00a0 y en cada trimestre, etc. Tambi\u00e9n en algunos cursos se trabaja\u00a0 con m\u00e9todo de editorial\u00a0y algunos\u00a0 proyectos.<\/p>\n<p>En este primer trimestre estamos trabajando en todo el colegio un <span style=\"color: c;\">proyecto sobre las emociones.<\/span><\/p>\n<p><a href=\"http:\/\/colegioalfonsosancho.es\/web\/wp-content\/uploads\/2015\/09\/Screenshot_20201122_170354.jpg\"><img loading=\"lazy\" class=\" wp-image-1133 aligncenter\" src=\"http:\/\/colegioalfonsosancho.es\/web\/wp-content\/uploads\/2015\/09\/Screenshot_20201122_170354-300x300.jpg\" alt=\"\" width=\"399\" height=\"399\" srcset=\"https:\/\/colegioalfonsosancho.es\/web\/wp-content\/uploads\/2015\/09\/Screenshot_20201122_170354-300x300.jpg 300w, https:\/\/colegioalfonsosancho.es\/web\/wp-content\/uploads\/2015\/09\/Screenshot_20201122_170354-150x150.jpg 150w, https:\/\/colegioalfonsosancho.es\/web\/wp-content\/uploads\/2015\/09\/Screenshot_20201122_170354-768x770.jpg 768w, https:\/\/colegioalfonsosancho.es\/web\/wp-content\/uploads\/2015\/09\/Screenshot_20201122_170354-1021x1024.jpg 1021w, https:\/\/colegioalfonsosancho.es\/web\/wp-content\/uploads\/2015\/09\/Screenshot_20201122_170354.jpg 1080w\" sizes=\"(max-width: 399px) 100vw, 399px\" \/><\/a><\/p>\n<p><img src=\"https:\/\/gifmaniacos.es\/wp-content\/uploads\/2017\/05\/separadores-gif-con-encanto-gifmaniacos.es-36.gif\" alt=\"separadores gif con encanto-gifmaniacos.es (36)\" \/><\/p>\n<h2><\/h2>\n<h1><span style=\"text-decoration: underline;\">TRABAJO POR PROYECTOS<\/span><\/h1>\n<h3>A CONTINUACI\u00d3N PUEDEN\u00a0VER MATERIALES, FOTOS Y V\u00cdDEOS DE CADA PROYECTO PINCHANDO EN LOS ENLACES:<\/h3>\n<ul>\n<li>\n<h3><span style=\"color: #0000ff;\"><a href=\"https:\/\/drive.google.com\/drive\/folders\/12gRycUOeEoPnVTbbkTbLouxCwvJrnvil?usp=sharing\"><span style=\"text-decoration: underline;\">PROYECTO: EL CINE<\/span><\/a><\/span><\/h3>\n<\/li>\n<\/ul>\n<p><img loading=\"lazy\" class=\"\" src=\"https:\/\/media3.giphy.com\/media\/IdgOIVyE5jy6vPaLBM\/source.gif\" alt=\"Claro Video Cine Sticker by Claro Costa Rica for iOS &amp; Android | GIPHY\" width=\"490\" height=\"490\" \/><\/p>\n<ul>\n<li>\n<h3><span style=\"color: #0000ff;\"><a href=\"https:\/\/drive.google.com\/drive\/folders\/15ZhejjsbM-Si49owU489z0ocjtBn5TQ2?usp=sharing\"><span style=\"text-decoration: underline;\">PROYECTO: LA CIUDAD<\/span><\/a><\/span><\/h3>\n<\/li>\n<\/ul>\n<p><img src=\"https:\/\/diarioguadalquivir.com\/wp-content\/uploads\/2020\/07\/1936797605jaen_catedral_0.jpg\" alt=\"La Consejer\u00eda de Cultura da luz verde a la obra de emergencia en la cubierta de la Catedral - Diario Guadalquivir\" \/><\/p>\n<ul>\n<li>\n<h3><a href=\"https:\/\/drive.google.com\/drive\/folders\/13gJxFoF00F7r-2YpwG4OIANsrd9H9EQA?usp=sharing\"><span style=\"text-decoration: underline; color: #0000ff;\">PROYECTO: EXPERIMENTOS EN CASA<\/span><\/a><\/h3>\n<\/li>\n<\/ul>\n<p><img loading=\"lazy\" class=\"\" src=\"https:\/\/i.pinimg.com\/originals\/25\/e8\/99\/25e899063d58498ac7522641ed64417f.gif\" alt=\"Gifs animados de Utiles de laboratorio, animaciones de Utiles de laboratorio | Proyectos de ciencia para ni\u00f1os, Laboratorio quimico, Laboratorio\" width=\"457\" height=\"390\" \/><\/p>\n<ul>\n<li>\n<h3><a href=\"https:\/\/drive.google.com\/drive\/folders\/1YayWeJlJ8aWM1Ch_FF0rzRCc3Z8Y4HY9?usp=sharing\"><span style=\"text-decoration: underline;\"><span style=\"color: #0000ff; text-decoration: underline;\">PROYECTO: LOS \u00cdBEROS<\/span><\/span><\/a><\/h3>\n<\/li>\n<\/ul>\n<p><a href=\"http:\/\/colegioalfonsosancho.es\/web\/wp-content\/uploads\/2015\/09\/IMG-20190215-WA0002.jpg\"><img loading=\"lazy\" class=\"alignnone wp-image-1193\" src=\"http:\/\/colegioalfonsosancho.es\/web\/wp-content\/uploads\/2015\/09\/IMG-20190215-WA0002-225x300.jpg\" alt=\"\" width=\"582\" height=\"776\" srcset=\"https:\/\/colegioalfonsosancho.es\/web\/wp-content\/uploads\/2015\/09\/IMG-20190215-WA0002-225x300.jpg 225w, https:\/\/colegioalfonsosancho.es\/web\/wp-content\/uploads\/2015\/09\/IMG-20190215-WA0002-768x1024.jpg 768w, https:\/\/colegioalfonsosancho.es\/web\/wp-content\/uploads\/2015\/09\/IMG-20190215-WA0002.jpg 1200w\" sizes=\"(max-width: 582px) 100vw, 582px\" \/><\/a><\/p>\n<ul>\n<li>\n<h3><a href=\"https:\/\/drive.google.com\/drive\/folders\/12jJdNkOw-eCJOlnREQ8NDNm-wsYV20VR?usp=sharing\"><span style=\"text-decoration: underline;\"><span style=\"color: #0000ff; text-decoration: underline;\">PROYECTO: EL ESPACIO<\/span><\/span><\/a><\/h3>\n<\/li>\n<\/ul>\n<p><img src=\"https:\/\/incubadorista.files.wordpress.com\/2020\/07\/873f71c1f893a0aafad8695324fedfc9.gif\" alt=\"Rolando S\u00e1nchez Mej\u00edas: \u00b7De la pol\u00edtica, el cosmos y la hostilidad\u00b7 | inCUBAdora\" \/><\/p>\n<ul>\n<li>\n<h3><a href=\"https:\/\/drive.google.com\/drive\/folders\/1aqZL2WQrOcpvdqAifzu_aJhk259K5q1w?usp=sharing\"><span style=\"text-decoration: underline;\">PROYECTO: EL AGUA<\/span><\/a><\/h3>\n<\/li>\n<\/ul>\n<p><img loading=\"lazy\" class=\"\" src=\"https:\/\/i.pinimg.com\/originals\/de\/1e\/aa\/de1eaa8201f39ec4d5f3f0559c1ce223.gif\" alt=\"Paisajes animados de playas | Gif playa, Fotograf\u00eda del oc\u00e9ano, Paisajes de mar\" width=\"772\" height=\"579\" \/><\/p>\n<ul>\n<li>\n<h3><a href=\"https:\/\/drive.google.com\/drive\/folders\/1IIWQ2jk08RWIDzAy3HjrC0z9jgIH-Uap?usp=sharing\"><span style=\"text-decoration: underline;\"><span style=\"color: #0000ff; text-decoration: underline;\">PROYECTO: LOS BEB\u00c9S<\/span><\/span><\/a><\/h3>\n<\/li>\n<\/ul>\n<p><img loading=\"lazy\" class=\"\" src=\"https:\/\/i.pinimg.com\/originals\/88\/e6\/4c\/88e64c9ad72135b069a3e425805ba63c.gif\" alt=\"Acorde con la vida: &quot;Lleg\u00f3 sin prisas...&quot; | Bebes para dibujar, Chupetes para beb\u00e9s, Videos bebes\" width=\"615\" height=\"892\" \/><\/p>\n<ul>\n<li><a href=\"https:\/\/drive.google.com\/drive\/folders\/12x3QOHwA1Jip-n4KERuHUY6eHI4keU-g?usp=sharing\"><span style=\"text-decoration: underline;\"><span style=\"color: #0000ff; text-decoration: underline;\">PROYECTO: LA PREHISTORIA<\/span><\/span><\/a><\/li>\n<\/ul>\n<p><img src=\"https:\/\/www.todopapas.com\/images\/educacion-tipos\/tareas-escolares\/quinto-de-primaria\/historia\/proyectos\/1536670685Grande.jpg\" alt=\"Trabajo escolar para descargar e imprimir sobre la prehistoria - TodoPap\u00e1s\" \/><\/p>\n<ul>\n<li>\n<h3><a href=\"https:\/\/drive.google.com\/drive\/folders\/16AvSc3gi8bNcZpuMMR8xoxthu1rKmJ2s?usp=sharing\"><span style=\"text-decoration: underline;\"><span style=\"color: #0000ff; text-decoration: underline;\">PROYECTO: EL OLIVO<\/span><\/span><\/a><\/h3>\n<\/li>\n<\/ul>\n<p><img loading=\"lazy\" class=\"\" src=\"https:\/\/encrypted-tbn0.gstatic.com\/images?q=tbn:ANd9GcTZlVlruNXBs1abPn8-pwhFEIPZczABId4q0Q&amp;usqp=CAU\" alt=\"Fauna silvestre en la tierra de los olivos\" width=\"775\" height=\"459\" \/><\/p>\n<h3><span style=\"color: #0000ff;\">&#8230;Y MUCHOS M\u00c1S<\/span><\/h3>\n<p><img src=\"https:\/\/media.tenor.com\/images\/e5d7fb91a839900b04a089994a0e9e0e\/tenor.gif\" alt=\"Saludo GIFs | Tenor\" \/><\/p>\n","protected":false},"excerpt":{"rendered":"<p>PROYECTOhttps:\/\/m.facebook.com\/story.php?story_fbid=359742159366774&amp;id=104682111539448 \u00abYA SOY MAYOR\u00bb (3 A\u00d1OS) PROYECTO \u00abLOS DINOSAURIOS\u00bb\u00a0 PROYECTO \u00abROMA\u00bb (5 A\u00d1OS) Nuestro objetivo es proporcionar a nuestros peque\u00f1os\/as una educaci\u00f3n lo m\u00e1s completa e integrada posible, comenzando con la transmisi\u00f3n de valores y buenos h\u00e1bitos. Adem\u00e1s de los Planes y programas descritos en la secci\u00f3n de Nuestra Escuela: Ven a conocernos !!! , [&hellip;]<\/p>\n","protected":false},"author":1,"featured_media":0,"parent":0,"menu_order":0,"comment_status":"closed","ping_status":"closed","template":"","meta":[],"_links":{"self":[{"href":"https:\/\/colegioalfonsosancho.es\/web\/index.php?rest_route=\/wp\/v2\/pages\/9"}],"collection":[{"href":"https:\/\/colegioalfonsosancho.es\/web\/index.php?rest_route=\/wp\/v2\/pages"}],"about":[{"href":"https:\/\/colegioalfonsosancho.es\/web\/index.php?rest_route=\/wp\/v2\/types\/page"}],"author":[{"embeddable":true,"href":"https:\/\/colegioalfonsosancho.es\/web\/index.php?rest_route=\/wp\/v2\/users\/1"}],"replies":[{"embeddable":true,"href":"https:\/\/colegioalfonsosancho.es\/web\/index.php?rest_route=%2Fwp%2Fv2%2Fcomments&post=9"}],"version-history":[{"count":35,"href":"https:\/\/colegioalfonsosancho.es\/web\/index.php?rest_route=\/wp\/v2\/pages\/9\/revisions"}],"predecessor-version":[{"id":2524,"href":"https:\/\/colegioalfonsosancho.es\/web\/index.php?rest_route=\/wp\/v2\/pages\/9\/revisions\/2524"}],"wp:attachment":[{"href":"https:\/\/colegioalfonsosancho.es\/web\/index.php?rest_route=%2Fwp%2Fv2%2Fmedia&parent=9"}],"curies":[{"name":"wp","href":"https:\/\/api.w.org\/{rel}","templated":true}]}}