{"id":72,"date":"2015-12-22T08:10:02","date_gmt":"2015-12-22T08:10:02","guid":{"rendered":"http:\/\/code21.net\/wordpress\/?page_id=72"},"modified":"2025-10-27T15:23:43","modified_gmt":"2025-10-27T15:23:43","slug":"bilinguismo","status":"publish","type":"page","link":"https:\/\/colegioalfonsosancho.es\/web\/?page_id=72","title":{"rendered":"BILING\u00dcISMO"},"content":{"rendered":"<h1><\/h1>\n<h1><span style=\"text-decoration: underline; color: #3366ff;\">CURSO 2025\/26<\/span><\/h1>\n<p>LA PROFESORA DE FRANC\u00c9S ESTE CURSO ES MAR\u00cdA SERRANO MARTOS , PROFESORA DEL COLEGIO ALMAD\u00c9N QUE COMPARTE CENTRO CON NOSOTROS.<\/p>\n<h2><span style=\"text-decoration: underline;\"><span style=\"color: #ff00ff; text-decoration: underline;\">PRIMER TRIMESTRE<\/span><\/span><\/h2>\n<p><span style=\"text-decoration: underline;\"><strong>1. C \u0301est la rentr\u00e9e.<\/strong><\/span><br \/>\n&#8211; Habilidades sociales como saludos a la entrada y salida de clase a trav\u00e9s de las palabras<br \/>\n\u201cBonjour\u201d y \u201cAu revoir\u201d. Para ello, se han utilizado canciones que les gusta mucho , como las que se encuentran en los<br \/>\nsiguientes enlaces:<\/p>\n<p><span style=\"text-decoration: underline;\"><span style=\"color: #33cccc; text-decoration: underline;\"><a href=\"https:\/\/youtu.be\/atNkI6QFZ50\">\u201c<\/a><span style=\"color: #333399; text-decoration: underline;\">Bonjour, Bonjour!\u00a0 Canci\u00f3n con la que empezamos la clase.<\/span><\/span><\/span><\/p>\n<p><a href=\"https:\/\/youtu.be\/KnvAjx3uTUA\">Bonjour, Salut, Comment \u00e7a va?<\/a> Canci\u00f3n muy pegadiza para aprender varios saludos.<\/p>\n<p><a href=\"https:\/\/youtu.be\/l0a4jv-h4Ro\">Bonjour, Salut, \u00c7a va.<\/a><\/p>\n<p><a href=\"https:\/\/youtu.be\/MjxRf0pJaAg\"><span style=\"color: #333399;\">\u201d<span style=\"text-decoration: underline;\">Au<\/span><span style=\"text-decoration: underline;\"> revoir les copains\u201d Canci\u00f3n para terminar la clase.<\/span><\/span><\/a><\/p>\n<p><span style=\"color: #333399;\">&#8211;<span style=\"color: #000000;\"> Presentaci\u00f3n de los a<\/span><\/span><span style=\"color: #000000;\">lumnos y<\/span> alumnas; en este caso han comenzado a decir su nombre con la<br \/>\nexpresi\u00f3n oral \u201cJe m\u2019appelle&#8230;\u201d y responde a la pregunta \u201cComment tu t\u2019appellles?\u201d<\/p>\n<p>Diferenciaci\u00f3n y reconocimiento de g\u00e9nero (les filles et les gar\u00e7ons).<\/p>\n<p><a href=\"https:\/\/youtu.be\/aoMW9A-AHbU\">JE SUIS UN GAR\u00c7ON\/JE SUIS UNE FILLE<\/a><\/p>\n<p>Tambi\u00e9n, se ha iniciado con la expresi\u00f3n de su edad con la f\u00f3rmula gramatical \u201cJ\u2019ai &#8230; ans\u201d.Expresi\u00f3n de sentimientos y emociones (Comment\u00e7a va?\/ \u00c7a va bien, comme ci-comme \u00e7a, \u00e7a va mal).\u00a0 Con la siguiente canci\u00f3n se repasa todos estos conceptos.<\/p>\n<p><iframe loading=\"lazy\" title=\"French Greetings Song for Children - Bonjour!\" width=\"670\" height=\"377\" src=\"https:\/\/www.youtube.com\/embed\/9BgyvEXTZbk?feature=oembed\" frameborder=\"0\" allow=\"accelerometer; autoplay; clipboard-write; encrypted-media; gyroscope; picture-in-picture; web-share\" referrerpolicy=\"strict-origin-when-cross-origin\" allowfullscreen><\/iframe><\/p>\n<ul>\n<li>Les jours de la semaine (Quel jour on est aujourd\u00b4hui?\/ Aujourd\u2019hui, c\u2019est\u2026). Esta canci\u00f3n les encanta para repasar los d\u00edas de la semana\u00a0<a href=\"https:\/\/youtu.be\/eA5jSbKd5cM\">D\u00cdAS DE LA SEMANA<\/a><\/li>\n<li><a href=\"https:\/\/drive.google.com\/file\/d\/1altwUL-gnFg3QVRrKHWSzkq9A6IR5QCl\/view?usp=sharing\">Los n\u00fameros con Grenadine<\/a><\/li>\n<li>Trabajamos los colores con la canci\u00f3n <a href=\"https:\/\/youtu.be\/fZR66TjjrDc\">\u201cLa chanson des couleurs\u201d<\/a><\/li>\n<li>Conocemos el tiempo que hace hoy. <a href=\"https:\/\/youtu.be\/2OhYQgIZc_Y\">Quel temps fait il?\u201d<\/a><\/li>\n<li>2.<span style=\"text-decoration: underline;\"> L\u2019\u00e9cole.<\/span><br \/>\n&#8211; Cuento \u201cLe premier jour d\u2019\u00e9cole de Rani\u201d<br \/>\n&#8211; El relato \u201cTrotro va \u00e0 l\u2019\u00e9cole\u201d<br \/>\n&#8211; La chanson de l&#8217;\u00e9cole <a href=\"https:\/\/drive.google.com\/file\/d\/1t2Dq6wlKjgQ8Fif6snp_q-eZh_EZ5q2x\/view?usp=sharing\">: Dan mon cartable je mets<\/a><br \/>\n3. <span style=\"text-decoration: underline;\">Les saisons.<\/span><br \/>\n&#8211; Apprendre les saisons . <a href=\"https:\/\/youtu.be\/n7XeCj_uvns\">Las estaciones del a\u00f1o<\/a><br \/>\n&#8211; Les saisons &#8211; Chanson pour enfants .<br \/>\n4.<a href=\"https:\/\/youtu.be\/fho0yuJ4Fag\"> Le corps humain.<\/a><br \/>\n&#8211; Apprendre le corps humain<br \/>\n&#8211; Les parties du corps . <a href=\"https:\/\/youtu.be\/bChrAwLzoSo\">Canci\u00f3n de las partes del cuerpo\u00a0<\/a><br \/>\n&#8211; Apprendre le nom des v\u00eatements. <a href=\"https:\/\/youtu.be\/jT8DjcW_HTU\">Vocabulario de la ropa<\/a>\u00a0 \u00a0 \u00a0 \u00a0 \u00a0 \u00a0 \u00a0 \u00a0 \u00a0 \u00a0 \u00a0 \u00a0 \u00a0 \u00a0 \u00a0 \u00a0 \u00a0 \u00a0 \u00a0 \u00a0 \u00a0 \u00a0 \u00a0 \u00a0 \u00a0 \u00a0 \u00a0 \u00a0 \u00a0 \u00a0 \u00a0 \u00a0 \u00a0 \u00a0 \u00a0 \u00a0 \u00a0 \u00a0 \u00a0 \u00a0 \u00a0 \u00a0 \u00a0 \u00a0 \u00a0 5. No\u00ebl\u00a0 \u00a0 \u00a0 \u00a0 \u00a0 \u00a0 \u00a0 \u00a0 \u00a0 \u00a0 \u00a0 \u00a0 \u00a0 \u00a0 \u00a0 \u00a0 \u00a0 \u00a0 \u00a0 \u00a0 \u00a0 \u00a0 \u00a0 \u00a0 \u00a0 \u00a0 \u00a0 \u00a0 \u00a0 \u00a0 \u00a0 \u00a0 \u00a0 \u00a0 \u00a0 \u00a0 \u00a0 \u00a0 \u00a0 \u00a0 \u00a0 \u00a0 \u00a0 \u00a0 \u00a0 \u00a0 \u00a0 \u00a0 \u00a0 \u00a0 \u00a0 \u00a0 \u00a0 \u00a0 \u00a0 \u00a0 \u00a0 \u00a0 \u00a0 \u00a0 \u00a0 \u00a0 \u00a0 \u00a0 \u00a0 \u00a0 \u00a0 \u00a0 \u00a0 \u00a0 \u00a0 \u00a0 \u00a0 \u00a0 \u00a0 \u00a0 \u00a0 \u00a0 \u00a0 \u00a0 \u00a0 \u00a0 \u00a0 \u00a0 \u00a0 &#8211; Apprendre le vocabulaire de No\u00ebl en fran\u00e7ais . <a href=\"https:\/\/youtu.be\/Gi0zKeBlmnQ\">Vocabulario de Navidad<\/a><br \/>\n&#8211; Peppa Pig Fran\u00e7ais-No\u00ebl<\/li>\n<li><a href=\"https:\/\/youtu.be\/i9TWQLl2zvQ\">As tu vu?\u00a0 <\/a><\/li>\n<li><a href=\"https:\/\/youtu.be\/Ed_sX9LvHv4\">San Nicolas chanson.\u00a0<\/a><\/li>\n<\/ul>\n<p>Para divertirnos nos gusta cantar canciones con gestos que nos ayuda a comprender mejor el idioma.<\/p>\n<h5 class=\"title style-scope ytd-video-primary-info-renderer\"><a href=\"http:\/\/50min de Comptines avec gestes et Chansons pour b\u00e9b\u00e9 (Petit escargot, Alouette, Pirouette ...)\" data-wplink-url-error=\"true\">50min de Comptines avec gestes et Chansons pour b\u00e9b\u00e9 (Petit escargot, Alouette, Pirouette &#8230;)<\/a><\/h5>\n<p>Tambi\u00e9n nos gusta ver los dibujos animados de L\u00b4\u00e2ne Trotro donde aprendemos nuevo vocabulario con la se\u00f1o.<\/p>\n<p>Nos encanta<a href=\"https:\/\/youtu.be\/GXHtYOsLw48\"> L\u00b4\u00e2ne Trotro<\/a><\/p>\n<p><img src=\"https:\/\/i.pinimg.com\/originals\/b2\/ce\/88\/b2ce88897dfa951c8a74bd333132583d.gif\" alt=\"La cocina francesa (classique y nouvelle) | Cotilleando - El mejor foro de cotilleos sobre la realeza y los famosos. Felipe y Letizia.\" \/><\/p>\n<h2><img src=\"https:\/\/1.bp.blogspot.com\/-7v6UyEbtx_M\/XzMQB_OueaI\/AAAAAAABFj4\/q0zpvHgrCe4vqalH41TJ3081sJKMmjhcgCLcBGAsYHQ\/s320\/separador%2Bestrellas%2Bnegras.png\" \/><\/h2>\n<h2><span style=\"text-decoration: underline; color: #ff00ff;\">TERCER TRIMESTRE<\/span><\/h2>\n<h4><span style=\"text-decoration: underline;\"><strong><span style=\"color: #99cc00; text-decoration: underline;\">UNIT\u00c9 10 : LES ANIMAUX<\/span><\/strong><\/span><\/h4>\n<ul>\n<li><em>Vocabulaire: les animaux de la ferme (la vache, le mouton, la ch\u00e8vre, le lapin, le cochon, la poule, le coq, le poussin, l\u00b4\u00e2ne, le cheval, le chien, le chat, la souris,&#8230;).<\/em><\/li>\n<li><em style=\"font-size: inherit;\">Vocabulaire: les animaux sauvages (<\/em><em>Un lion, un trigre, un \u00e9l\u00e9phant, un loup, un z\u00e8bre, un serpent. une girafe, un renard, un hippopotame etc&#8230;)<\/em><em>.<\/em><\/li>\n<li><a href=\"https:\/\/drive.google.com\/file\/d\/1l5_igm5E1HtGL27LniQ8OEApSLiKG5K0\/view?usp=sharing\">chanson; la fourmi m\u00b4a piqu\u00e9 la main\u00bb<\/a><\/li>\n<li><a href=\"https:\/\/drive.google.com\/file\/d\/18toP7GdUOobBEXE4x-hzHMFqnIgAWw1H\/view?usp=sharing\">Chanson \u00abMon petit lapin\u00bb<\/a><\/li>\n<li>\u00a0<a href=\"https:\/\/youtu.be\/L_hFw_cWg9U\">\u00abAlouette gentille alouette\u00bb<\/a><\/li>\n<li><a href=\"https:\/\/youtu.be\/Tf1tT5_85wE\"><em>La ferme de l \u00b4oncle F\u00e9lix. <\/em><\/a><\/li>\n<li><a href=\"https:\/\/youtu.be\/464TMRy04ho\">Conte : Trotro se d\u00e9guisse\u00a0<\/a><\/li>\n<li><a href=\"http:\/\/Un oiseau au fond de l\u00b4\u00e9tang\" data-wplink-url-error=\"true\">Un oiseau au fond de l\u00b4\u00e9tang<\/a><\/li>\n<\/ul>\n<h4><span style=\"text-decoration: underline;\"><span style=\"color: #99cc00; text-decoration: underline;\">UNIT\u00c9 11. LA NOURRITURE<\/span><\/span><\/h4>\n<ul>\n<li><em>Vocabulaire des aliments( la soupe, les biscuit, les biscuits , du pain, du lait, du beurre, de la confiture, du caf\u00e9, du th\u00e9, du jus, de l\u00b4eau, des fruits, des l\u00e9gumes, de la salade, du riz , de la viande, du poulet, du poisson, du jambon , des oeufs, du fromage, de la glace, un yaourt , du chocolat, un g\u00e2teau , du sucre, du sel, de la farine.<\/em><\/li>\n<li><em>Le repas ( le petit d\u00e9jeuner, le d\u00e9jeuner, le go\u00fbter, le d\u00eener).<\/em><\/li>\n<li>CHANSON:\n<ul>\n<li><a href=\"https:\/\/drive.google.com\/file\/d\/1qPH_WZncF9UL0wTAJA_SRPmTRblVxe1Z\/view?usp=sharing\"><em>J\u00b4ai plus faim\u00a0<\/em><\/a><\/li>\n<li><a href=\"https:\/\/drive.google.com\/file\/d\/1JVDwdOYriEFWv4PMAWX2idBpneOUe5xa\/view?usp=sharing\"><em>La ronde des repas<\/em><\/a><\/li>\n<li><a href=\"https:\/\/youtu.be\/d5U4kDDBCVA\"><em>Au petit d\u00e9jeuner &#8211; Alain Le Lait (Breakfast)<\/em><\/a><\/li>\n<\/ul>\n<\/li>\n<li>VOCABULAIRE:<\/li>\n<li><em style=\"font-size: inherit;\">Video: Les aliments (<\/em><a style=\"font-size: inherit;\" href=\"https:\/\/youtu.be\/ztRRuv_VY6w\"><em>https:\/\/youtu.be\/ztRRuv_VY6w<\/em><\/a><em style=\"font-size: inherit;\">)<\/em><\/li>\n<li>Trotro fait un g\u00e2teau \u00bb (Trotro) <a href=\"https:\/\/www.youtube.com\/watch?v=jZCi4iXm43E\">https:\/\/www.youtube.com\/watch?v=jZCi4iXm43E<\/a><\/li>\n<li>Caillou fait la cuisine \u00bb (Caillou) <a href=\"https:\/\/www.youtube.com\/watch?v=bWgUHmxtTog\u00e7\">https:\/\/www.youtube.com\/watch?v=bWgUHmxtTog\u00e7<\/a><\/li>\n<\/ul>\n<h4><span style=\"text-decoration: underline;\"><span style=\"color: #99cc00; text-decoration: underline;\">UNITE 12. LES VACANCES<\/span><\/span><\/h4>\n<ul>\n<li><em>Vocabulaire: la plage, la mer, le sable, les vagues, le soleil, le bateau, les poissons, les ch\u00e2teaux de sable, le maillot de bain, piscine, le village&#8230; <\/em><\/li>\n<li><em>Vocabulaire: la montagne, le village, la maison \u00e0 la campagne, la piscine,\u2026 <\/em><\/li>\n<li><em>Vocabulaire: la ville, l\u00b4appartement, la maison, la piscine, les colonies, les jeux au parc&#8230;<\/em><\/li>\n<li><em style=\"font-size: inherit;\">O\u00f9 vas-tu en vacances?\u00bb \/Je vais \u00e0 la plage \/ Je vais au village avec mes grands parents \/ Je vais en France \/ Je reste \u00e0 la maison\u2026<\/em><\/li>\n<li><em style=\"font-size: inherit;\">Conte \u201cLe Petit Nicolas\u201d (<\/em><em style=\"font-size: inherit;\">https:\/\/www.youtube.com\/watch?v=92vhKu_GHt4<\/em><em style=\"font-size: inherit;\">)<\/em><\/li>\n<li><em style=\"font-size: inherit;\">Chanson \u00abIl \u00e9tait un petit navire\u00bb (<\/em><em style=\"font-size: inherit;\">https:\/\/www.youtube.com\/watch?v=Q0JRm_yw408<\/em><em style=\"font-size: inherit;\">)<\/em><\/li>\n<li><em style=\"font-size: inherit;\">Chanson: \u00abLes petits poissons\u00bb (<\/em><em style=\"font-size: inherit;\">https:\/\/www.youtube.com\/watch?v=P7ipjEOdceM<\/em><em style=\"font-size: inherit;\">)<\/em><\/li>\n<li><em style=\"font-size: inherit;\">Trotro et le ch\u00e2teau de sable : <\/em><a style=\"font-size: inherit;\" href=\"https:\/\/www.youtube.com\/watch?v=lIukfkeFz50\"><em>https:\/\/www.youtube.com\/watch?v=lIukfkeFz50<\/em><\/a><\/li>\n<li><em>T\u2019choupi au bord de la mer : <\/em><a href=\"https:\/\/www.youtube.com\/watch?v=UH5Ctklyae0\"><em>https:\/\/www.youtube.com\/watch?v=UH5Ctklyae0<\/em><\/a><em style=\"font-size: inherit;\">Caillou &#8211; Vive le camping : <\/em><a style=\"font-size: inherit;\" href=\"https:\/\/www.youtube.com\/watch?v=MZR96QePc8s\"><em>https:\/\/www.youtube.com\/watch?v=MZR96QePc8s<\/em><\/a><\/li>\n<\/ul>\n<h2><span style=\"text-decoration: underline;\"><span style=\"color: #ff00ff; text-decoration: underline;\">SEGUNDO TRIM<\/span><\/span><span style=\"text-decoration: underline;\"><span style=\"color: #ff00ff; text-decoration: underline;\">ESTRE<\/span><\/span><\/h2>\n<h4><span style=\"color: #99cc00;\"><strong><u>UNIT\u00c9 6: Un bonhomme de neige<\/u><\/strong><\/span><\/h4>\n<p><em>Vocabulaire : Quel temps il fait? fait froid, il neige, il fait du vent, il fait froid dehors,\u00a0 les arbres ont perdu toutes leurs feuilles. <\/em><\/p>\n<p>\uf0b7 <em>Youtube: \u201cChanson de l\u00b4hiver de Jacques Pr\u00e9vert\u201d <a href=\"https:\/\/youtu.be\/8ZOL5hk6r0w\">Chanson d\u00b4hiver<\/a><\/em><\/p>\n<p>\uf0b7 <a href=\"https:\/\/youtu.be\/DAEhvV5xH5I\"><em>\u201cBonhomme de neige\u201d\u00a0<\/em><\/a><\/p>\n<p>\uf0b7 <em>Vocabulaire : Les rois magesn ( los reyes magos) ,les chameaux ( los camellos) , la cavalcade des rois ( la cabalgata de reyes) , la galette des rois les cadeaux ( rosc\u00f3n de reyes)\u00a0 les jouets ( los juguetes).<\/em><\/p>\n<p>\uf0b7Vocabulario de los juguetes <a href=\"https:\/\/youtu.be\/Y0eDgUrnu0I\">Chanson des jouets<\/a><\/p>\n<p><a href=\"https:\/\/youtu.be\/mwJb5-xFDnM\">\uf0b7 Canci\u00f3n ordena tus juguetes\u00a0<\/a><\/p>\n<p>Para terminar esta unidad aprendimos este baile que les encanta. La danse des pingouins!<\/p>\n<p><iframe loading=\"lazy\" title=\"La danse des pingouins avec soustitres\" width=\"670\" height=\"377\" src=\"https:\/\/www.youtube.com\/embed\/I_pc6q7lrbU?feature=oembed\" frameborder=\"0\" allow=\"accelerometer; autoplay; clipboard-write; encrypted-media; gyroscope; picture-in-picture; web-share\" referrerpolicy=\"strict-origin-when-cross-origin\" allowfullscreen><\/iframe><\/p>\n<h4><span style=\"color: #99cc00;\"><u>UNIT\u00c9 7: Une grande famille et une belle maison avec un jardin.<\/u><\/span><\/h4>\n<p><em>Habitaciones de la casa: Pi\u00e8ces de la maison: l\u00b4 entr\u00e9e, le salon, la cuisine, la chambre, la salle de bain, le garage, le jardin, le potager.<\/em><\/p>\n<ul>\n<li><a href=\"https:\/\/youtu.be\/4V2srYL1VC0\"><em>Apprendre le vocabulaire de la maison\u00a0<\/em><\/a><\/li>\n<li><a href=\"https:\/\/youtu.be\/whJJCTcH_yI\"><em>La maison (le vocabulaire)<\/em><\/a><\/li>\n<li><em><a href=\"https:\/\/youtu.be\/f9r-8q-a3nM\">Jeu: O\u00f9 est Lu<\/a>? (Vocabulaire de la maison)<\/em><\/li>\n<li><a href=\"https:\/\/youtu.be\/YtKHu-0RcnA\"><em>le vocabulaire de la maison<\/em><\/a><\/li>\n<li><em><a href=\"https:\/\/drive.google.com\/file\/d\/1314w5k4L5UYVIZM1AuNOOuYnCcgXRodF\/view?usp=sharing\">Chanson Grenadine.<\/a> ( la ronde de pi\u00e8ces)<\/em><\/li>\n<\/ul>\n<p><em>Vocabulaire de la famille: le p\u00e8re (papa), la m\u00e8re (maman), la soeur, le fr\u00e8re, le b\u00e9b\u00e9, le grand-p\u00e8re, la grand- m\u00e8re (les grands-parents), la tante et l\u2019oncle. Les cousins, les cousines\u2026. <\/em><\/p>\n<p>MA FAMILLE SONG\u00a0: <a href=\"https:\/\/youtu.be\/kLMdxx4UiZM\">https:\/\/youtu.be\/kLMdxx4UiZM<\/a><\/p>\n<h4><span style=\"color: #99cc00;\"><strong><em>Unit\u00e9 8: Un bateau pirate<\/em><\/strong><\/span><\/h4>\n<ul>\n<li><em>Vocabulaire: les maisons, les bloques et appartements, les magasins, le march\u00e9, l\u00b4\u00e9glise, l\u00b4\u00e9cole, la mairie, la biblioth\u00e8que, le mus\u00e9e, les parcs, le ch\u00e2teau, les rues, les feux rouges, le trafique, les agents de police\u2026<\/em><\/li>\n<li><em><em>Vocabulaire: les moyennes de transport: <\/em>La voiture, le camion, un v\u00e9lo, un bus, la moto, le train, un avion, le tram, un h\u00e9licopt\u00e8re, une\u00a0 camionnette, un tracteur,un\u00a0 bateau.<\/em><\/li>\n<li><em>Vocabulaire: les professions<\/em><\/li>\n<li><em>Vocabulaire: diff\u00e9rents types de boutiques, supermarch\u00e9s\u00a0<\/em><\/li>\n<li><em>Pourquoi\u2026? Parce que\u2026<\/em><\/li>\n<li><em>J\u2019aime\/je n\u2019aime pas\/ j\u2019adore\/ je d\u00e9teste.<\/em><\/li>\n<li><em>Conte \u201cCaillou dans mon quartier\u201d.<\/em><\/li>\n<li><em>La ville de Paris.<\/em><\/li>\n<\/ul>\n<ul>\n<li><em>Canci\u00f3n \u201cAu feu les pompiers\u201d <a href=\"https:\/\/youtu.be\/rF1onlfvQSg\">https:\/\/youtu.be\/rF1onlfvQSg<\/a><\/em><\/li>\n<li><em>Canci\u00f3n de Marie: joe dassin-a paris a velo-aclebwideo<\/em> <a href=\"https:\/\/youtu.be\/xZSvDn05Pz8\"><em>https:\/\/youtu.be\/xZSvDn05Pz8<\/em><\/a><\/li>\n<li>\n<h6>VOCABULARIO: \u00a0V\u00cdDEO: APPRENDRE LE NOM DES LIEUX DE LA VILLE \u00a0<a style=\"font-size: 16px;\" href=\"https:\/\/youtu.be\/RV0E3cIKWmQ\">https:\/\/youtu.be\/RV0E3cIKWmQ<\/a><\/h6>\n<\/li>\n<\/ul>\n<h4><span style=\"color: #99cc00;\"><strong><em>Unit\u00e9 9: C\u00b4est le printemps<\/em><\/strong><\/span><\/h4>\n<ul>\n<li><em>Vocabulaire:<\/em>\n<ul>\n<li><em>La nature, la campagne, le jardin, les arbres, les fleurs, les papillons\u2026<\/em><\/li>\n<li><em>Le potager: les l\u00e9gumes, pommes de terre, carottes, choux, salades, tomates, haricots verts,\u2026<\/em><\/li>\n<li><em>Fruits: pomme, orange, fraise, banane, cerises, framboise, p\u00eache, abricot,\u2026<\/em><\/li>\n<\/ul>\n<\/li>\n<li><em>J\u2019aime\/je n\u2019aime pas\/ j\u2019adore\/ je d\u00e9teste.<\/em><\/li>\n<li><em>Combien \u00e7a co\u00fbte? \u00c7a co\u00fbte\u2026euros.<\/em><\/li>\n<li><em>J\u00b4aime les fruits (<\/em><a href=\"https:\/\/www.youtube.com\/watch?v=nJ03KjwiIVM\"><em>https:\/\/www.youtube.com\/watch?v=nJ03KjwiIVM<\/em><\/a><em>)<\/em><\/li>\n<li><em>Jeu \u00ab Dans mon panier il y a &#8230; \u00bb<\/em><\/li>\n<li>Aprendre les fruits et les legumes\u00a0 <a href=\"https:\/\/drive.google.com\/file\/d\/11pvbafs_yTqvTm_iDeb2xr0kuhzwmUYF\/view?usp=sharing\">https:\/\/drive.google.com\/file\/d\/11pvbafs_yTqvTm_iDeb2xr0kuhzwmUYF\/view?usp=sharing<\/a><\/li>\n<li>Les go\u00fbts alimentaires\u00a0 <a href=\"https:\/\/drive.google.com\/file\/d\/1iIik_xzJ8Zj3BI5-eeIjbbuQVZiMUWi6\/view?usp=sharing\">https:\/\/drive.google.com\/file\/d\/1iIik_xzJ8Zj3BI5-eeIjbbuQVZiMUWi6\/view?usp=sharing<\/a><\/li>\n<li>Peppa Pig\u00a0 Les fruits.\u00a0 <a href=\"https:\/\/drive.google.com\/file\/d\/1aePMXy-6EXQ0xGkVyh5xJhB7P52R8MKD\/view?usp=sharing\">https:\/\/drive.google.com\/file\/d\/1aePMXy-6EXQ0xGkVyh5xJhB7P52R8MKD\/view?usp=sharing<\/a><\/li>\n<li>Otras canciones sobre frutas y verduras que les encanta:<\/li>\n<li>Les l\u00e9gumes presentaci\u00f3n:\u00a0<a href=\"https:\/\/drive.google.com\/file\/d\/1kxcIrR1a35OT7dJ7I9v63xs9TWY-i9nJ\/view?usp=sharing\">https:\/\/drive.google.com\/file\/d\/1kxcIrR1a35OT7dJ7I9v63xs9TWY-i9nJ\/view?usp=sharing<\/a><\/li>\n<li>Savez vous plantez le choux\u00a0<a href=\"https:\/\/drive.google.com\/file\/d\/1JNCVZBAiKSVQT88gQXq7sxU_aN5NOy8_\/view?usp=sharing\">https:\/\/drive.google.com\/file\/d\/1JNCVZBAiKSVQT88gQXq7sxU_aN5NOy8_\/view?usp=sharing<\/a><\/li>\n<li>Tous les l\u00e9gumes\u00a0\u00a0<a href=\"https:\/\/drive.google.com\/file\/d\/1mIUByaFwMnqmURYTjNFKz-w9baNaMXg2\/view?usp=sharing\">https:\/\/drive.google.com\/file\/d\/1mIUByaFwMnqmURYTjNFKz-w9baNaMXg2\/view?usp=sharing<\/a><\/li>\n<\/ul>\n<h2><img src=\"https:\/\/1.bp.blogspot.com\/-7v6UyEbtx_M\/XzMQB_OueaI\/AAAAAAABFj4\/q0zpvHgrCe4vqalH41TJ3081sJKMmjhcgCLcBGAsYHQ\/s320\/separador%2Bestrellas%2Bnegras.png\" \/><\/h2>\n<p>LA \u00abSE\u00d1O\u00bb MARIE, AUXILIAR DE CONVERSACI\u00d3N FRANCESA, QUE ESTE CURSO VIENE A NUESTRO CENTRO LOS MARTES Y JUEVES, NOS HA HECHO UNA PRESENTACI\u00d3N\u00a0 Y NOS HA EXPLICADO MUCHAS COSAS SOBRE SU PA\u00cdS, SU BANDERA, SU CULTURA,\u00a0 SU GASTRONOM\u00cdA, SU PUEBLO Y LAS FIESTAS M\u00c1S IMPORTANTES, &#8230;<\/p>\n<p><a href=\"http:\/\/colegioalfonsosancho.es\/web\/wp-content\/uploads\/2021\/11\/IMG_20211102_101522-scaled.jpg\"><img loading=\"lazy\" class=\"alignnone  wp-image-1636\" src=\"http:\/\/colegioalfonsosancho.es\/web\/wp-content\/uploads\/2021\/11\/IMG_20211102_101522-300x225.jpg\" alt=\"\" width=\"438\" height=\"328\" srcset=\"https:\/\/colegioalfonsosancho.es\/web\/wp-content\/uploads\/2021\/11\/IMG_20211102_101522-300x225.jpg 300w, https:\/\/colegioalfonsosancho.es\/web\/wp-content\/uploads\/2021\/11\/IMG_20211102_101522-1024x768.jpg 1024w, https:\/\/colegioalfonsosancho.es\/web\/wp-content\/uploads\/2021\/11\/IMG_20211102_101522-768x576.jpg 768w, https:\/\/colegioalfonsosancho.es\/web\/wp-content\/uploads\/2021\/11\/IMG_20211102_101522-1536x1152.jpg 1536w, https:\/\/colegioalfonsosancho.es\/web\/wp-content\/uploads\/2021\/11\/IMG_20211102_101522-2048x1536.jpg 2048w\" sizes=\"(max-width: 438px) 100vw, 438px\" \/><\/a><\/p>\n<p>MERCI BEAUCOUP MARIE!!!<\/p>\n<p>\u00a1\u00a1\u00a1NOS HA GUSTADO MUCHO, QU\u00c9 INTERESANTE TODO!!!<\/p>\n<p>PARA VER LA PRESENTACI\u00d3N PINCHA <a href=\"https:\/\/docs.google.com\/presentation\/d\/1NXorRECd6qnF4kh09pPPdKiszf6cR9EE\/edit?usp=sharing&amp;ouid=109977745163571273859&amp;rtpof=true&amp;sd=true\">AQU\u00cd<\/a><\/p>\n<p>GRACIAS A LA \u00abSE\u00d1O ALI\u00bb DE PR\u00c1CTICAS Y A MARIE POR ACOMPA\u00d1AR A LA SE\u00d1O ANA MU\u00d1OZ Y A LA SE\u00d1O JUANA MARI EN LAS CLASES DE FRANC\u00c9S Y HACERLAS MUCHO M\u00c1S MOTIVADORAS Y ENRIQUECEDORAS PARA NUESTRO ALUMNADO&#8230;MERCI<\/p>\n<p><img src=\"https:\/\/i.pinimg.com\/originals\/38\/46\/de\/3846de8052faace2975fe88e77d500c7.gif\" alt=\"Pin by Vuslat Leyl\u00e2 Bayramo\u011flu on Emoticonos | Animated emoticons, Funny  emoticons, Cute gif\" \/><\/p>\n<h4><span style=\"text-decoration: underline;\"><span style=\"color: #ff00ff; text-decoration: underline;\">VISITA DE SAINT NICOLAS<\/span><\/span><\/h4>\n<p>HOY HEMOS RECIBIDO EN EL COLEGIO LA VISITA DE SAINT NICOLAS Y SU AMIGO LE P\u00c8RE FOUETTARD. EN LOS D\u00cdAS ANTERIORES HEMOS CONTADO EN CLASE LA LEYENDA DE SAN NICOL\u00c1S , PATR\u00d3N DE LOS ESCOLARES EN FRANCIA Y QUE CADA A\u00d1O LOS VISITA EL 6 DICIEMBRE.<\/p>\n<p>HEMOS COLOREADO UNA FICHA ALUSIVA\u00a0 Y CUANDO EST\u00c1BAMOS CANTANDO \u00abOH GRAN SAINT NICOLAS, PATRON DES \u00c9COLIERS&#8230;\u00bb HA APARECIDO POR LA PUERTA DE CADA CLASE&#8230;QU\u00c9 SORPRESA NOS HEMOS LLEVADO!!!<\/p>\n<p>DESPU\u00c9S HA VENIDO SU AMIGO, LE P\u00c8RE FOUETTARD, QUE ES UN POCO TRAVIESO&#8230;PERO COMO TODOS LOS NI\u00d1OS Y NI\u00d1AS DEL COLE SON MUY BUENOS Y LES GUSTA MUCHO HABLAR Y CANTAR EN FRANC\u00c9S, PUES SE HAN HECHO AMIGOS DE \u00c9L.<\/p>\n<p>PARA CONOCER LA LEYENDA DE SAINT NICOLAS <a href=\"https:\/\/docs.google.com\/presentation\/d\/1Nc4urQGaF5o34wSUvcmY1pgdxT8OloZ1\/edit?usp=sharing&amp;ouid=109977745163571273859&amp;rtpof=true&amp;sd=true\">PINCHA AQU\u00cd<\/a><\/p>\n<p>PARA CANTAR SU CANCI\u00d3N <a href=\"https:\/\/www.youtube.com\/watch?v=zrPbDQ3z72c\">PINCHA AQU\u00cd<\/a><\/p>\n<p><a href=\"http:\/\/colegioalfonsosancho.es\/web\/wp-content\/uploads\/2015\/12\/SAINT-NICOLAS.pdf\">SAINT-NICOLAS<\/a><\/p>\n<p><a href=\"http:\/\/colegioalfonsosancho.es\/web\/wp-content\/uploads\/2021\/12\/IMG_20211214_222120-scaled.jpg\"><img loading=\"lazy\" class=\"alignnone  wp-image-1704\" src=\"http:\/\/colegioalfonsosancho.es\/web\/wp-content\/uploads\/2021\/12\/IMG_20211214_222120-206x300.jpg\" alt=\"\" width=\"872\" height=\"1270\" srcset=\"https:\/\/colegioalfonsosancho.es\/web\/wp-content\/uploads\/2021\/12\/IMG_20211214_222120-206x300.jpg 206w, https:\/\/colegioalfonsosancho.es\/web\/wp-content\/uploads\/2021\/12\/IMG_20211214_222120-703x1024.jpg 703w, https:\/\/colegioalfonsosancho.es\/web\/wp-content\/uploads\/2021\/12\/IMG_20211214_222120-768x1118.jpg 768w, https:\/\/colegioalfonsosancho.es\/web\/wp-content\/uploads\/2021\/12\/IMG_20211214_222120-1055x1536.jpg 1055w, https:\/\/colegioalfonsosancho.es\/web\/wp-content\/uploads\/2021\/12\/IMG_20211214_222120-1407x2048.jpg 1407w, https:\/\/colegioalfonsosancho.es\/web\/wp-content\/uploads\/2021\/12\/IMG_20211214_222120-scaled.jpg 1759w\" sizes=\"(max-width: 872px) 100vw, 872px\" \/><\/a><\/p>\n<p><a href=\"http:\/\/colegioalfonsosancho.es\/web\/wp-content\/uploads\/2015\/12\/2\u00e8me-ET-3-\u00e8me-trimestre.pdf\">2\u00c8ME et 3\u00c8ME TRIMESTRE<\/a><\/p>\n<p><a href=\"http:\/\/colegioalfonsosancho.es\/web\/wp-content\/uploads\/2015\/12\/Contes-de-Charles-Perrault.pdf\">CONTES DE CHARLES PERRAULT<\/a><\/p>\n<p><img src=\"http:\/\/www.lovethispic.com\/uploaded_images\/215545-Eiffel-Tower-Golden-Sparkle-Paris.gif\" alt=\"Ver las im\u00e1genes de origen\" \/><\/p>\n","protected":false},"excerpt":{"rendered":"<p>CURSO 2025\/26 LA PROFESORA DE FRANC\u00c9S ESTE CURSO ES MAR\u00cdA SERRANO MARTOS , PROFESORA DEL COLEGIO ALMAD\u00c9N QUE COMPARTE CENTRO CON NOSOTROS. PRIMER TRIMESTRE 1. C \u0301est la rentr\u00e9e. &#8211; Habilidades sociales como saludos a la entrada y salida de clase a trav\u00e9s de las palabras \u201cBonjour\u201d y \u201cAu revoir\u201d. Para ello, se han utilizado [&hellip;]<\/p>\n","protected":false},"author":1,"featured_media":0,"parent":0,"menu_order":0,"comment_status":"closed","ping_status":"closed","template":"","meta":[],"_links":{"self":[{"href":"https:\/\/colegioalfonsosancho.es\/web\/index.php?rest_route=\/wp\/v2\/pages\/72"}],"collection":[{"href":"https:\/\/colegioalfonsosancho.es\/web\/index.php?rest_route=\/wp\/v2\/pages"}],"about":[{"href":"https:\/\/colegioalfonsosancho.es\/web\/index.php?rest_route=\/wp\/v2\/types\/page"}],"author":[{"embeddable":true,"href":"https:\/\/colegioalfonsosancho.es\/web\/index.php?rest_route=\/wp\/v2\/users\/1"}],"replies":[{"embeddable":true,"href":"https:\/\/colegioalfonsosancho.es\/web\/index.php?rest_route=%2Fwp%2Fv2%2Fcomments&post=72"}],"version-history":[{"count":80,"href":"https:\/\/colegioalfonsosancho.es\/web\/index.php?rest_route=\/wp\/v2\/pages\/72\/revisions"}],"predecessor-version":[{"id":2518,"href":"https:\/\/colegioalfonsosancho.es\/web\/index.php?rest_route=\/wp\/v2\/pages\/72\/revisions\/2518"}],"wp:attachment":[{"href":"https:\/\/colegioalfonsosancho.es\/web\/index.php?rest_route=%2Fwp%2Fv2%2Fmedia&parent=72"}],"curies":[{"name":"wp","href":"https:\/\/api.w.org\/{rel}","templated":true}]}}