{"id":12,"date":"2015-09-28T21:54:47","date_gmt":"2015-09-28T21:54:47","guid":{"rendered":"http:\/\/localhost:8080\/wordpress\/?page_id=12"},"modified":"2025-10-28T13:06:53","modified_gmt":"2025-10-28T13:06:53","slug":"ampa","status":"publish","type":"page","link":"https:\/\/colegioalfonsosancho.es\/web\/?page_id=12","title":{"rendered":"AMPA"},"content":{"rendered":"<p><img src=\"https:\/\/santa-rita.org\/wp-content\/uploads\/2019\/10\/1554543377_554543373-ampa.png\" alt=\"1554543377_554543373-ampa\" \/><\/p>\n<h2>AMPA \u00bb ARCO IRIS\u00bb<\/h2>\n<p>Estimados padres y madres:<\/p>\n<p>En primer lugar darles la bienvenida\u00a0a todas las familias del centro.<br \/>Nuestro objetivo como asociaci\u00f3n es que participen en ella la mayor parte posible de padres y madres del colegio, y por ello les invitamos a todos a colaborar con la asociaci\u00f3n de madres y padres de alumn@s A.M.P.A. \u201cARCO IRIS\u201d<\/p>\n<p>El Ampa del centro tiene una gran trayectoria de actuaciones en el centro. Siempre ha tenido una gran colaboraci\u00f3n,\u00a0 desde su junta directiva para organizar y colaborar\u00a0 con el centro en la realizaci\u00f3n de diversas actividades. Adem\u00e1s ha contado con un tanto por ciento muy elevado de socios ( rozando el 100% en muchas clases)<\/p>\n<p>Tambi\u00e9n puede presentarse a formar parte de la junta directiva y poder colaborar con el centro en numerosas actividades complementarias y extraescolares.<\/p>\n<p>La forma de pago de nuestra asociaci\u00f3n se realiza bien por transferencia o bien acudiendo a la oficina de la CAJA RURAL DE JA\u00c9N, situada en la calle EDUARDO GARCIA MAROTO, 4 ,(antes Mu\u00f1oz Grandes) al n\u00ba de cuenta<\/p>\n<p><b>ES17 <\/b><b><i>3067 0147 39 2252889528, <\/i><\/b>poniendo en el concepto el nombre y apellidos del alumno-a.<\/p>\n<p>La cuota\u00a0 anual\u00a0 son<strong> 25 euro<\/strong>s si tiene un hijo\/a en el centro y <strong>30<\/strong> si son m\u00e1s hermanos\/as.<\/p>\n<p><a href=\"https:\/\/docs.google.com\/document\/d\/1kOFKhydnZhVSgFLiSp2Jg1nMDsLIP66s\/edit?usp=sharing&amp;ouid=111369184086596452017&amp;rtpof=true&amp;sd=true\"><span style=\"text-decoration: underline;\"><strong><span style=\"color: #3366ff; text-decoration: underline;\">INFORMACI\u00d3N AMPA ACTUALIZADA<\/span><\/strong><\/span><\/a><\/p>\n<p>NUESTRO CORREO PARA CUALQUIER DUDA O SUGERENCIA:<\/p>\n<p>A.M.P.A. \u201cArco Iris\u201d ampa.alfonsosancho@gmail.com<\/p>\n<p class=\"rtecenter\"><strong>UNIFORME\u00a0<\/strong><\/p>\n<p>El uso <u><strong>VOLUNTARIO<\/strong><\/u> de uniforme en nuestro colegio\u00a0fue aprobado por el Consejo Escolar en el Curso 2007\/2008. El mismo dise\u00f1o, solo modificando el escudo y el nombre del centro, es usado en el Colegio Almad\u00e9n (aprobado por\u00a0el Consejo Escolar del Curso 2010\/2011, tras una votaci\u00f3n a todos los padres del centro).<\/p>\n<p><u><strong>* UNIFORME ESCOLAR<\/strong><\/u>:<\/p>\n<p>Los padres de cualquier curso que est\u00e9n interesados (se recuerda que es <em>voluntario<\/em>) podr\u00e1n encargarlo en\u00a0<strong>Confecciones Candi, Calle Obispo Alonso Su\u00e1rez, 2 de Ja\u00e9n (cerca del Corte Ingl\u00e9s)<\/strong>.<\/p>\n<p><u><strong>\u00a0<\/strong><\/u><\/p>\n\n\n<p><\/p>\n","protected":false},"excerpt":{"rendered":"<p>AMPA \u00bb ARCO IRIS\u00bb Estimados padres y madres: En primer lugar darles la bienvenida\u00a0a todas las familias del centro.Nuestro objetivo como asociaci\u00f3n es que participen en ella la mayor parte posible de padres y madres del colegio, y por ello les invitamos a todos a colaborar con la asociaci\u00f3n de madres y padres de alumn@s [&hellip;]<\/p>\n","protected":false},"author":1,"featured_media":0,"parent":0,"menu_order":0,"comment_status":"closed","ping_status":"closed","template":"","meta":[],"_links":{"self":[{"href":"https:\/\/colegioalfonsosancho.es\/web\/index.php?rest_route=\/wp\/v2\/pages\/12"}],"collection":[{"href":"https:\/\/colegioalfonsosancho.es\/web\/index.php?rest_route=\/wp\/v2\/pages"}],"about":[{"href":"https:\/\/colegioalfonsosancho.es\/web\/index.php?rest_route=\/wp\/v2\/types\/page"}],"author":[{"embeddable":true,"href":"https:\/\/colegioalfonsosancho.es\/web\/index.php?rest_route=\/wp\/v2\/users\/1"}],"replies":[{"embeddable":true,"href":"https:\/\/colegioalfonsosancho.es\/web\/index.php?rest_route=%2Fwp%2Fv2%2Fcomments&post=12"}],"version-history":[{"count":14,"href":"https:\/\/colegioalfonsosancho.es\/web\/index.php?rest_route=\/wp\/v2\/pages\/12\/revisions"}],"predecessor-version":[{"id":2296,"href":"https:\/\/colegioalfonsosancho.es\/web\/index.php?rest_route=\/wp\/v2\/pages\/12\/revisions\/2296"}],"wp:attachment":[{"href":"https:\/\/colegioalfonsosancho.es\/web\/index.php?rest_route=%2Fwp%2Fv2%2Fmedia&parent=12"}],"curies":[{"name":"wp","href":"https:\/\/api.w.org\/{rel}","templated":true}]}}